{"id":804,"date":"2021-08-24T19:35:00","date_gmt":"2021-08-24T17:35:00","guid":{"rendered":"https:\/\/josquindesprez.com\/?page_id=804"},"modified":"2021-09-24T11:42:49","modified_gmt":"2021-09-24T09:42:49","slug":"about","status":"publish","type":"page","link":"https:\/\/josquindesprez.com\/en\/about\/","title":{"rendered":"About me"},"content":{"rendered":"\n<div class=\"wp-block-image\"><figure class=\"alignleft size-full\"><img loading=\"lazy\" decoding=\"async\" width=\"184\" height=\"170\" src=\"https:\/\/josquindesprez.com\/wp-content\/uploads\/2021\/08\/15_Michael-Skizziert.jpg\" alt=\"\" class=\"wp-image-920\"\/><\/figure><\/div>\n\n\n\n<p>1521 is an important year for me: it is the birth year of the composer Philippe de Monte (1521-1603) and the death year of Josquin Desprez (ca. 1450-1521). 2021, I created this website. It was published on 27 August 2021, the 500th anniversary of Josquin Desprez&#8217;s death.<\/p>\n\n\n\n<div class=\"wp-block-image\"><figure class=\"alignright size-full\"><img loading=\"lazy\" decoding=\"async\" width=\"250\" height=\"379\" src=\"https:\/\/josquindesprez.com\/wp-content\/uploads\/2021\/08\/250x379-Die-Motetten-des-Philippe-de-Monte-Cover.jpg\" alt=\"\" class=\"wp-image-924\" srcset=\"https:\/\/josquindesprez.com\/wp-content\/uploads\/2021\/08\/250x379-Die-Motetten-des-Philippe-de-Monte-Cover.jpg 250w, https:\/\/josquindesprez.com\/wp-content\/uploads\/2021\/08\/250x379-Die-Motetten-des-Philippe-de-Monte-Cover-198x300.jpg 198w\" sizes=\"(max-width: 250px) 100vw, 250px\" \/><\/figure><\/div>\n\n\n\n<p>My name is Michael Silies. I studied musicology in M\u00fcnster, Oxford and G\u00f6ttingen and received my doctorate in G\u00f6ttingen with a thesis on <em>The Motets of Philippe de Monte (1521-1603)<\/em>. I have lived in Hamburg for many years.<\/p>\n\n\n\n<p>The music of the 15th and 16th centuries has fascinated me since the beginning of my studies. She is simple and complex at the same time, stirring and soothing &#8211; and often mysterious. The main protagonist of the era is Josquin Desprez. He composed some of the most beautiful works in music history.<\/p>\n\n\n\n<p>My enthusiasm for Josquin Desprez began in 2000, when I became intensively involved with the motet <em>Peccantem me quotidie<\/em> by Philippe de Monte. This contains a textual turn that refers textually and musically to Josquin&#8217;s famous setting of the 50th Psalm. A recording of the motet by &#8220;La Chapelle Royale&#8221; conducted by Philippe Herreweghe has accompanied me ever since and still impresses me today.<\/p>\n\n\n\n<figure class=\"wp-block-image size-full\"><img loading=\"lazy\" decoding=\"async\" width=\"1000\" height=\"686\" src=\"https:\/\/josquindesprez.com\/wp-content\/uploads\/2021\/08\/Andra-Antico-RISM-1521-3-Motetti-Muenchen-Universitaetsbibliothek-Cim._44i-4-8.jpg\" alt=\"\" class=\"wp-image-479\" srcset=\"https:\/\/josquindesprez.com\/wp-content\/uploads\/2021\/08\/Andra-Antico-RISM-1521-3-Motetti-Muenchen-Universitaetsbibliothek-Cim._44i-4-8.jpg 1000w, https:\/\/josquindesprez.com\/wp-content\/uploads\/2021\/08\/Andra-Antico-RISM-1521-3-Motetti-Muenchen-Universitaetsbibliothek-Cim._44i-4-8-300x206.jpg 300w, https:\/\/josquindesprez.com\/wp-content\/uploads\/2021\/08\/Andra-Antico-RISM-1521-3-Motetti-Muenchen-Universitaetsbibliothek-Cim._44i-4-8-768x527.jpg 768w\" sizes=\"(max-width: 1000px) 100vw, 1000px\" \/><figcaption> Josquin: Miserere mei Deus, Quelle: Andrea Antico: Motetti libro primo, Venedig 1521. <br>Source: Bassus, Copy of Universit\u00e4tsbibliothek M\u00fcnchen, Cim. 44i (4 (= 4\u00b0 Art. 401) (A007)<\/figcaption><\/figure>\n\n\n\n<p>The illustrated page from the bassus partbook from Andrea Antico&#8217;s collective print Motetti libro primo also dates from 1521.<\/p>\n\n\n\n<p>For many music lovers, the 15th and 16th centuries are unknown territory. Or, to use an inscription on the Hunt-Lenox globe, which is one of the oldest globes still in existence and is thought to have been made between 1503 and 1510: &#8220;HC SVNT DRACONES&#8221; (&#8220;Here are dragons&#8221;). These words are found in the area of eastern Asia below the equator and are a warning against unexplored territory.<\/p>\n\n\n\n<p>My aim with this website is to open up Dragon territory to those interested in the life and work of Josquin and to provide a platform for those who have already explored Dragon territory to share research findings, engage in authenticity discussions and show their enthusiasm for Josquin.<\/p>\n\n\n\n<p>It may take a little longer to explore the dragons&#8217; territory, but once you have done so, you will be richly rewarded.&nbsp;<\/p>\n\n\n\n<p><\/p>\n","protected":false},"excerpt":{"rendered":"<p>1521 is an important year for me: it is the birth year of the composer Philippe de Monte (1521-1603) and the death year of Josquin Desprez (ca. 1450-1521). 2021, I created this website. It was published on 27 August 2021, the 500th anniversary of Josquin&hellip; <a class=\"read-more\" href=\"https:\/\/josquindesprez.com\/en\/about\/\">Read more<\/a><\/p>\n","protected":false},"author":1,"featured_media":0,"parent":0,"menu_order":0,"comment_status":"closed","ping_status":"closed","template":"","meta":{"footnotes":""},"class_list":["post-804","page","type-page","status-publish","hentry"],"yoast_head":"<!-- This site is optimized with the Yoast SEO plugin v22.1 - https:\/\/yoast.com\/wordpress\/plugins\/seo\/ -->\n<title>About me - Josquin Desprez<\/title>\n<meta name=\"robots\" content=\"index, follow, max-snippet:-1, max-image-preview:large, max-video-preview:-1\" \/>\n<link rel=\"canonical\" href=\"https:\/\/josquindesprez.com\/en\/about\/\" \/>\n<meta property=\"og:locale\" content=\"en_US\" \/>\n<meta property=\"og:type\" content=\"article\" \/>\n<meta property=\"og:title\" content=\"About me - Josquin Desprez\" \/>\n<meta property=\"og:description\" content=\"1521 is an important year for me: it is the birth year of the composer Philippe de Monte (1521-1603) and the death year of Josquin Desprez (ca. 1450-1521). 2021, I created this website. It was published on 27 August 2021, the 500th anniversary of Josquin&hellip; Read more\" \/>\n<meta property=\"og:url\" content=\"https:\/\/josquindesprez.com\/en\/about\/\" \/>\n<meta property=\"og:site_name\" content=\"Josquin Desprez\" \/>\n<meta property=\"article:modified_time\" content=\"2021-09-24T09:42:49+00:00\" \/>\n<meta property=\"og:image\" content=\"https:\/\/josquindesprez.com\/wp-content\/uploads\/2021\/08\/15_Michael-Skizziert.jpg\" \/>\n<meta name=\"twitter:card\" content=\"summary_large_image\" \/>\n<meta name=\"twitter:label1\" content=\"Est. reading time\" \/>\n\t<meta name=\"twitter:data1\" content=\"3 minutes\" \/>\n<script type=\"application\/ld+json\" class=\"yoast-schema-graph\">{\"@context\":\"https:\/\/schema.org\",\"@graph\":[{\"@type\":\"WebPage\",\"@id\":\"https:\/\/josquindesprez.com\/en\/about\/\",\"url\":\"https:\/\/josquindesprez.com\/en\/about\/\",\"name\":\"About me - Josquin Desprez\",\"isPartOf\":{\"@id\":\"https:\/\/josquindesprez.com\/#website\"},\"datePublished\":\"2021-08-24T17:35:00+00:00\",\"dateModified\":\"2021-09-24T09:42:49+00:00\",\"breadcrumb\":{\"@id\":\"https:\/\/josquindesprez.com\/en\/about\/#breadcrumb\"},\"inLanguage\":\"en-US\",\"potentialAction\":[{\"@type\":\"ReadAction\",\"target\":[\"https:\/\/josquindesprez.com\/en\/about\/\"]}]},{\"@type\":\"BreadcrumbList\",\"@id\":\"https:\/\/josquindesprez.com\/en\/about\/#breadcrumb\",\"itemListElement\":[{\"@type\":\"ListItem\",\"position\":1,\"name\":\"Startseite\",\"item\":\"https:\/\/josquindesprez.com\/en\/\"},{\"@type\":\"ListItem\",\"position\":2,\"name\":\"About me\"}]},{\"@type\":\"WebSite\",\"@id\":\"https:\/\/josquindesprez.com\/#website\",\"url\":\"https:\/\/josquindesprez.com\/\",\"name\":\"Josquin Desprez\",\"description\":\"Life and works of Josquin Desprez\",\"publisher\":{\"@id\":\"https:\/\/josquindesprez.com\/#\/schema\/person\/8a9f3dd9ecaa6f1f0104db5ff27d83d7\"},\"potentialAction\":[{\"@type\":\"SearchAction\",\"target\":{\"@type\":\"EntryPoint\",\"urlTemplate\":\"https:\/\/josquindesprez.com\/?s={search_term_string}\"},\"query-input\":\"required name=search_term_string\"}],\"inLanguage\":\"en-US\"},{\"@type\":[\"Person\",\"Organization\"],\"@id\":\"https:\/\/josquindesprez.com\/#\/schema\/person\/8a9f3dd9ecaa6f1f0104db5ff27d83d7\",\"name\":\"josquin\",\"image\":{\"@type\":\"ImageObject\",\"inLanguage\":\"en-US\",\"@id\":\"https:\/\/josquindesprez.com\/#\/schema\/person\/image\/\",\"url\":\"https:\/\/secure.gravatar.com\/avatar\/e1b00370f572f68373c3b5a20db508d3?s=96&d=mm&r=g\",\"contentUrl\":\"https:\/\/secure.gravatar.com\/avatar\/e1b00370f572f68373c3b5a20db508d3?s=96&d=mm&r=g\",\"caption\":\"josquin\"},\"logo\":{\"@id\":\"https:\/\/josquindesprez.com\/#\/schema\/person\/image\/\"},\"sameAs\":[\"http:\/\/josquindesprez.com\"]}]}<\/script>\n<!-- \/ Yoast SEO plugin. -->","yoast_head_json":{"title":"About me - Josquin Desprez","robots":{"index":"index","follow":"follow","max-snippet":"max-snippet:-1","max-image-preview":"max-image-preview:large","max-video-preview":"max-video-preview:-1"},"canonical":"https:\/\/josquindesprez.com\/en\/about\/","og_locale":"en_US","og_type":"article","og_title":"About me - Josquin Desprez","og_description":"1521 is an important year for me: it is the birth year of the composer Philippe de Monte (1521-1603) and the death year of Josquin Desprez (ca. 1450-1521). 2021, I created this website. It was published on 27 August 2021, the 500th anniversary of Josquin&hellip; Read more","og_url":"https:\/\/josquindesprez.com\/en\/about\/","og_site_name":"Josquin Desprez","article_modified_time":"2021-09-24T09:42:49+00:00","og_image":[{"url":"https:\/\/josquindesprez.com\/wp-content\/uploads\/2021\/08\/15_Michael-Skizziert.jpg"}],"twitter_card":"summary_large_image","twitter_misc":{"Est. reading time":"3 minutes"},"schema":{"@context":"https:\/\/schema.org","@graph":[{"@type":"WebPage","@id":"https:\/\/josquindesprez.com\/en\/about\/","url":"https:\/\/josquindesprez.com\/en\/about\/","name":"About me - Josquin Desprez","isPartOf":{"@id":"https:\/\/josquindesprez.com\/#website"},"datePublished":"2021-08-24T17:35:00+00:00","dateModified":"2021-09-24T09:42:49+00:00","breadcrumb":{"@id":"https:\/\/josquindesprez.com\/en\/about\/#breadcrumb"},"inLanguage":"en-US","potentialAction":[{"@type":"ReadAction","target":["https:\/\/josquindesprez.com\/en\/about\/"]}]},{"@type":"BreadcrumbList","@id":"https:\/\/josquindesprez.com\/en\/about\/#breadcrumb","itemListElement":[{"@type":"ListItem","position":1,"name":"Startseite","item":"https:\/\/josquindesprez.com\/en\/"},{"@type":"ListItem","position":2,"name":"About me"}]},{"@type":"WebSite","@id":"https:\/\/josquindesprez.com\/#website","url":"https:\/\/josquindesprez.com\/","name":"Josquin Desprez","description":"Life and works of Josquin Desprez","publisher":{"@id":"https:\/\/josquindesprez.com\/#\/schema\/person\/8a9f3dd9ecaa6f1f0104db5ff27d83d7"},"potentialAction":[{"@type":"SearchAction","target":{"@type":"EntryPoint","urlTemplate":"https:\/\/josquindesprez.com\/?s={search_term_string}"},"query-input":"required name=search_term_string"}],"inLanguage":"en-US"},{"@type":["Person","Organization"],"@id":"https:\/\/josquindesprez.com\/#\/schema\/person\/8a9f3dd9ecaa6f1f0104db5ff27d83d7","name":"josquin","image":{"@type":"ImageObject","inLanguage":"en-US","@id":"https:\/\/josquindesprez.com\/#\/schema\/person\/image\/","url":"https:\/\/secure.gravatar.com\/avatar\/e1b00370f572f68373c3b5a20db508d3?s=96&d=mm&r=g","contentUrl":"https:\/\/secure.gravatar.com\/avatar\/e1b00370f572f68373c3b5a20db508d3?s=96&d=mm&r=g","caption":"josquin"},"logo":{"@id":"https:\/\/josquindesprez.com\/#\/schema\/person\/image\/"},"sameAs":["http:\/\/josquindesprez.com"]}]}},"_links":{"self":[{"href":"https:\/\/josquindesprez.com\/en\/wp-json\/wp\/v2\/pages\/804"}],"collection":[{"href":"https:\/\/josquindesprez.com\/en\/wp-json\/wp\/v2\/pages"}],"about":[{"href":"https:\/\/josquindesprez.com\/en\/wp-json\/wp\/v2\/types\/page"}],"author":[{"embeddable":true,"href":"https:\/\/josquindesprez.com\/en\/wp-json\/wp\/v2\/users\/1"}],"replies":[{"embeddable":true,"href":"https:\/\/josquindesprez.com\/en\/wp-json\/wp\/v2\/comments?post=804"}],"version-history":[{"count":9,"href":"https:\/\/josquindesprez.com\/en\/wp-json\/wp\/v2\/pages\/804\/revisions"}],"predecessor-version":[{"id":989,"href":"https:\/\/josquindesprez.com\/en\/wp-json\/wp\/v2\/pages\/804\/revisions\/989"}],"wp:attachment":[{"href":"https:\/\/josquindesprez.com\/en\/wp-json\/wp\/v2\/media?parent=804"}],"curies":[{"name":"wp","href":"https:\/\/api.w.org\/{rel}","templated":true}]}}